{"id":577,"date":"2024-03-26T16:02:49","date_gmt":"2024-03-26T16:02:49","guid":{"rendered":"https:\/\/responsabilidadsocial.chubut.gov.ar\/empresas\/?page_id=577"},"modified":"2024-05-06T16:38:39","modified_gmt":"2024-05-06T16:38:39","slug":"indice-de-rse","status":"publish","type":"page","link":"https:\/\/responsabilidadsocial.chubut.gov.ar\/empresas\/indice-de-rse\/","title":{"rendered":"\u00cdndice y Registro de RSE"},"content":{"rendered":"<p><strong>REGISTRO DE RESPONSABILIDAD SOCIAL EMPRESARIA<\/strong><\/p>\n<p>La finalidad del Registro de RSE es dar publicidad e informaci\u00f3n sobre el car\u00e1cter socialmente responsable de las entidades inscriptas.<\/p>\n<p>Este nuevo Registro va a incentivar a las entidades chubutenses a que interioricen y adopten estrategias, objetivos y comportamientos socialmente responsables que contribuyan al progreso sostenible de la sociedad.<\/p>\n<p><strong>\u00cdNDICE DE RESPONSABILIDAD SOCIAL EMPRESARIA<\/strong><\/p>\n<p>El \u00edndice de RSE es utilizado como instrumento de medici\u00f3n y evaluaci\u00f3n del aporte integral de las empresas al bienestar de la sociedad chubutense.<\/p>\n<p>Est\u00e1 dise\u00f1ado con criterios de objetividad y transparencia, reflejando de manera ponderada las diversas dimensiones de responsabilidad social empresarial, como el impacto comunitario, la sostenibilidad ambiental y el compromiso con el desarrollo del personal.<\/p>\n<p>&nbsp;<\/p>\n","protected":false},"excerpt":{"rendered":"<p>REGISTRO DE RESPONSABILIDAD SOCIAL EMPRESARIA La finalidad del Registro de RSE es dar publicidad e informaci\u00f3n sobre el car\u00e1cter socialmente responsable de las entidades inscriptas. Este nuevo Registro va a incentivar a las entidades chubutenses a que interioricen y adopten estrategias, objetivos y comportamientos socialmente responsables que contribuyan al progreso sostenible de la sociedad. \u00cdNDICE&hellip; <a href=\"https:\/\/responsabilidadsocial.chubut.gov.ar\/empresas\/indice-de-rse\/\" class=\"more-link\">Continue reading <span class=\"screen-reader-text\">\u00cdndice y Registro de RSE<\/span><\/a><\/p>\n","protected":false},"author":1,"featured_media":646,"parent":0,"menu_order":0,"comment_status":"closed","ping_status":"closed","template":"templates\/grid-page.php","meta":{"wpupg_custom_link":[],"wpupg_custom_link_behaviour":[],"wpupg_custom_link_nofollow":[],"wpupg_custom_image":[],"wpupg_custom_image_id":[],"footnotes":""},"class_list":["post-577","page","type-page","status-publish","has-post-thumbnail","hentry","with-featured-image"],"_links":{"self":[{"href":"https:\/\/responsabilidadsocial.chubut.gov.ar\/empresas\/wp-json\/wp\/v2\/pages\/577","targetHints":{"allow":["GET"]}}],"collection":[{"href":"https:\/\/responsabilidadsocial.chubut.gov.ar\/empresas\/wp-json\/wp\/v2\/pages"}],"about":[{"href":"https:\/\/responsabilidadsocial.chubut.gov.ar\/empresas\/wp-json\/wp\/v2\/types\/page"}],"author":[{"embeddable":true,"href":"https:\/\/responsabilidadsocial.chubut.gov.ar\/empresas\/wp-json\/wp\/v2\/users\/1"}],"replies":[{"embeddable":true,"href":"https:\/\/responsabilidadsocial.chubut.gov.ar\/empresas\/wp-json\/wp\/v2\/comments?post=577"}],"version-history":[{"count":3,"href":"https:\/\/responsabilidadsocial.chubut.gov.ar\/empresas\/wp-json\/wp\/v2\/pages\/577\/revisions"}],"predecessor-version":[{"id":623,"href":"https:\/\/responsabilidadsocial.chubut.gov.ar\/empresas\/wp-json\/wp\/v2\/pages\/577\/revisions\/623"}],"wp:featuredmedia":[{"embeddable":true,"href":"https:\/\/responsabilidadsocial.chubut.gov.ar\/empresas\/wp-json\/wp\/v2\/media\/646"}],"wp:attachment":[{"href":"https:\/\/responsabilidadsocial.chubut.gov.ar\/empresas\/wp-json\/wp\/v2\/media?parent=577"}],"curies":[{"name":"wp","href":"https:\/\/api.w.org\/{rel}","templated":true}]}}